{"id":22932,"date":"2025-03-17T16:56:19","date_gmt":"2025-03-17T16:56:22","guid":{"rendered":"https:\/\/packstar.dev.nfx.li\/produkt\/cle-de-serrage-all-in-one\/"},"modified":"2025-12-08T09:19:43","modified_gmt":"2025-12-08T09:19:43","slug":"cle-de-serrage-all-in-one","status":"publish","type":"product","link":"https:\/\/packstar.dev.nfx.li\/fr\/produkt\/cle-de-serrage-all-in-one\/","title":{"rendered":"Cl\u00e9 de serrage All-In One"},"content":{"rendered":"<p>Cl\u00e9 combin\u00e9e pour f\u00fbts \u00e0 bonde ainsi que pour bidons avec orifices n\u00b0 51 + 61<\/p>\n","protected":false},"excerpt":{"rendered":"<p>Cl\u00e9 de serrage pour f\u00fbts \u00e0 bondes et jerricans avec bague DIN 51 + 61<\/p>\n","protected":false},"featured_media":23436,"template":"","meta":{"_acf_changed":false},"product_brand":[],"product_cat":[50],"product_tag":[],"class_list":{"0":"post-22932","1":"product","2":"type-product","3":"status-publish","4":"has-post-thumbnail","6":"product_cat-accessoires","8":"first","9":"instock","10":"taxable","11":"shipping-taxable","12":"purchasable","13":"product-type-simple"},"acf":[],"tiered_pricing_type":"fixed","tiered_pricing_fixed_rules":{"60":9,"125":6.5},"tiered_pricing_product_settings":{"layout":"default","base_unit_name":{"singular":null,"plural":null},"default_variation":null},"tiered_pricing_minimum_quantity":null,"tiered_pricing_roles_data":[],"tiered_pricing_percentage_rules":[],"_links":{"self":[{"href":"https:\/\/packstar.dev.nfx.li\/fr\/wp-json\/wp\/v2\/product\/22932","targetHints":{"allow":["GET"]}}],"collection":[{"href":"https:\/\/packstar.dev.nfx.li\/fr\/wp-json\/wp\/v2\/product"}],"about":[{"href":"https:\/\/packstar.dev.nfx.li\/fr\/wp-json\/wp\/v2\/types\/product"}],"wp:featuredmedia":[{"embeddable":true,"href":"https:\/\/packstar.dev.nfx.li\/fr\/wp-json\/wp\/v2\/media\/23436"}],"wp:attachment":[{"href":"https:\/\/packstar.dev.nfx.li\/fr\/wp-json\/wp\/v2\/media?parent=22932"}],"wp:term":[{"taxonomy":"product_brand","embeddable":true,"href":"https:\/\/packstar.dev.nfx.li\/fr\/wp-json\/wp\/v2\/product_brand?post=22932"},{"taxonomy":"product_cat","embeddable":true,"href":"https:\/\/packstar.dev.nfx.li\/fr\/wp-json\/wp\/v2\/product_cat?post=22932"},{"taxonomy":"product_tag","embeddable":true,"href":"https:\/\/packstar.dev.nfx.li\/fr\/wp-json\/wp\/v2\/product_tag?post=22932"}],"curies":[{"name":"wp","href":"https:\/\/api.w.org\/{rel}","templated":true}]}}