{"id":22928,"date":"2025-03-17T16:56:08","date_gmt":"2025-03-17T16:56:11","guid":{"rendered":"https:\/\/packstar.dev.nfx.li\/produkt\/piece-de-reduction-pour-robinet-de-sortie\/"},"modified":"2025-12-23T07:51:14","modified_gmt":"2025-12-23T07:51:14","slug":"piece-de-reduction-pour-robinet-de-sortie","status":"publish","type":"product","link":"https:\/\/packstar.dev.nfx.li\/fr\/produkt\/piece-de-reduction-pour-robinet-de-sortie\/","title":{"rendered":"pi\u00e8ce de r\u00e9duction pour robinet de sortie"},"content":{"rendered":"<p>AST pi\u00e8ce r\u00e9ducteur pour robinet de sortie Nr. 51, 61, 71<\/p>\n","protected":false},"excerpt":{"rendered":"<p>AST pi\u00e8ce r\u00e9ducteur pour robinet de sortie Nr. 51, 61, 71<\/p>\n","protected":false},"featured_media":23384,"template":"","meta":{"_acf_changed":false},"product_brand":[],"product_cat":[50],"product_tag":[],"class_list":{"0":"post-22928","1":"product","2":"type-product","3":"status-publish","4":"has-post-thumbnail","6":"product_cat-accessoires","8":"first","9":"instock","10":"taxable","11":"shipping-taxable","12":"purchasable","13":"product-type-simple"},"acf":[],"tiered_pricing_type":"fixed","tiered_pricing_fixed_rules":[],"tiered_pricing_product_settings":{"layout":"default","base_unit_name":{"singular":null,"plural":null},"default_variation":null},"tiered_pricing_minimum_quantity":null,"tiered_pricing_roles_data":[],"tiered_pricing_percentage_rules":[],"_links":{"self":[{"href":"https:\/\/packstar.dev.nfx.li\/fr\/wp-json\/wp\/v2\/product\/22928","targetHints":{"allow":["GET"]}}],"collection":[{"href":"https:\/\/packstar.dev.nfx.li\/fr\/wp-json\/wp\/v2\/product"}],"about":[{"href":"https:\/\/packstar.dev.nfx.li\/fr\/wp-json\/wp\/v2\/types\/product"}],"wp:featuredmedia":[{"embeddable":true,"href":"https:\/\/packstar.dev.nfx.li\/fr\/wp-json\/wp\/v2\/media\/23384"}],"wp:attachment":[{"href":"https:\/\/packstar.dev.nfx.li\/fr\/wp-json\/wp\/v2\/media?parent=22928"}],"wp:term":[{"taxonomy":"product_brand","embeddable":true,"href":"https:\/\/packstar.dev.nfx.li\/fr\/wp-json\/wp\/v2\/product_brand?post=22928"},{"taxonomy":"product_cat","embeddable":true,"href":"https:\/\/packstar.dev.nfx.li\/fr\/wp-json\/wp\/v2\/product_cat?post=22928"},{"taxonomy":"product_tag","embeddable":true,"href":"https:\/\/packstar.dev.nfx.li\/fr\/wp-json\/wp\/v2\/product_tag?post=22928"}],"curies":[{"name":"wp","href":"https:\/\/api.w.org\/{rel}","templated":true}]}}