{"id":22872,"date":"2025-03-17T16:51:14","date_gmt":"2025-03-17T16:51:16","guid":{"rendered":"https:\/\/packstar.dev.nfx.li\/produkt\/couvercle-pour-fut-kdf-220-litres\/"},"modified":"2025-11-03T07:21:52","modified_gmt":"2025-11-03T07:21:52","slug":"couvercle-pour-fut-kdf-220-litres","status":"publish","type":"product","link":"https:\/\/packstar.dev.nfx.li\/fr\/produkt\/couvercle-pour-fut-kdf-220-litres\/","title":{"rendered":"Couvercle de remplacement pour f\u00fbt \u00e0 couvercle 220 litres"},"content":{"rendered":"<ul><\/p>\n<li>Cucerclet en plastique AST <\/li>\n<p><\/p>\n<li>Couleur : Noir <\/li>\n<p><\/p>\n<li>Diam\u00e8tre: 470mm <\/li>\n<p><\/p>\n<li>Mat\u00e9riel: \u00e9cologique , de haut poids mol\u00e9culaire poly\u00e9thyl\u00e8ne haute densit\u00e9<\/li>\n<p><\/p>\n<li>aliments s\u00fbrs <\/li>\n<p><\/p>\n<li>solide approbation (UN)<\/li>\n<p>\n    <\/ul><\/p>\n","protected":false},"excerpt":{"rendered":"<ul><\/p>\n<li>Cucerclet en plastique AST <\/li>\n<p><\/p>\n<li>Couleur : Noir <\/li>\n<p><\/p>\n<li>Diam\u00e8tre: 470mm <\/li>\n<p><\/p>\n<li>Mat\u00e9riel: \u00e9cologique , de haut poids mol\u00e9culaire poly\u00e9thyl\u00e8ne haute densit\u00e9<\/li>\n<p><\/p>\n<li>aliments s\u00fbrs <\/li>\n<p><\/p>\n<li>solide approbation (UN)<\/li>\n<p>\n    <\/ul><\/p>\n","protected":false},"featured_media":23342,"template":"","meta":{"_acf_changed":false},"product_brand":[],"product_cat":[50],"product_tag":[],"class_list":{"0":"post-22872","1":"product","2":"type-product","3":"status-publish","4":"has-post-thumbnail","6":"product_cat-accessoires","7":"product_shipping_class-xxl-fr","8":"pa_erstoeffnungsgarantie-non","9":"pa_farbe-bleu","10":"pa_form-rond","11":"pa_gefahrgutzulassung-un-oui","12":"pa_lebensmittelzulassung-oui","13":"pa_material-polyethylene-hd","15":"first","16":"instock","17":"taxable","18":"shipping-taxable","19":"purchasable","20":"product-type-simple"},"acf":[],"tiered_pricing_type":"fixed","tiered_pricing_fixed_rules":{"120":13.75},"tiered_pricing_product_settings":{"layout":"default","base_unit_name":{"singular":null,"plural":null},"default_variation":null},"tiered_pricing_minimum_quantity":null,"tiered_pricing_roles_data":[],"tiered_pricing_percentage_rules":[],"_links":{"self":[{"href":"https:\/\/packstar.dev.nfx.li\/fr\/wp-json\/wp\/v2\/product\/22872","targetHints":{"allow":["GET"]}}],"collection":[{"href":"https:\/\/packstar.dev.nfx.li\/fr\/wp-json\/wp\/v2\/product"}],"about":[{"href":"https:\/\/packstar.dev.nfx.li\/fr\/wp-json\/wp\/v2\/types\/product"}],"wp:featuredmedia":[{"embeddable":true,"href":"https:\/\/packstar.dev.nfx.li\/fr\/wp-json\/wp\/v2\/media\/23342"}],"wp:attachment":[{"href":"https:\/\/packstar.dev.nfx.li\/fr\/wp-json\/wp\/v2\/media?parent=22872"}],"wp:term":[{"taxonomy":"product_brand","embeddable":true,"href":"https:\/\/packstar.dev.nfx.li\/fr\/wp-json\/wp\/v2\/product_brand?post=22872"},{"taxonomy":"product_cat","embeddable":true,"href":"https:\/\/packstar.dev.nfx.li\/fr\/wp-json\/wp\/v2\/product_cat?post=22872"},{"taxonomy":"product_tag","embeddable":true,"href":"https:\/\/packstar.dev.nfx.li\/fr\/wp-json\/wp\/v2\/product_tag?post=22872"}],"curies":[{"name":"wp","href":"https:\/\/api.w.org\/{rel}","templated":true}]}}