{"id":22812,"date":"2025-03-17T16:46:07","date_gmt":"2025-03-17T16:46:10","guid":{"rendered":"https:\/\/packstar.dev.nfx.li\/produkt\/bac-jets-10-1-1-litre\/"},"modified":"2025-12-15T09:09:14","modified_gmt":"2025-12-15T09:09:14","slug":"bac-jets-10-1-1-litre","status":"publish","type":"product","link":"https:\/\/packstar.dev.nfx.li\/fr\/produkt\/bac-jets-10-1-1-litre\/","title":{"rendered":"Bac JETS 10 (1.1 Litre)"},"content":{"rendered":"<p>La s\u00e9rie JETS, \u00e0 l&#8217;apparence s\u00e9duisante, les petites bo\u00eetes et barquettes refermables sont tr\u00e8s appr\u00e9ci\u00e9es dans les secteurs alimentaire et non alimentaire et offrent de nombreux avantages comme une plus longue conservation des produits. Dans le secteur de la chimie du b\u00e2timent, la barquette pratique est \u00e9galement connue comme emballage polyvalent.<\/p>\n","protected":false},"excerpt":{"rendered":"<ul><\/p>\n<li>Bac de Jokey <\/li>\n<p><\/p>\n<li>Volume : 1100 ml <\/li>\n<p><\/p>\n<li>Mat\u00e9riel : polypropyl\u00e8ne (PP) sans risque pour produits alimentaires <\/li>\n<p><\/p>\n<li>Couleur : blanc <\/li>\n<p><\/p>\n<li>Format : quadratique 129 x129 mm <\/li>\n<p><\/p>\n<li>Hauteur : 110 mm <\/li>\n<p><\/p>\n<li>Appropri\u00e9 pour produits alimentaires, couleurs, etc. <\/li>\n<p><\/p>\n<li>Couvercle : DETS 10 <\/li>\n<p><\/p>\n<li>Poids \/ pi\u00e8ce en kg : 0.046 (Bac et couvercle)<\/li>\n<p>\n    <\/ul>\n<\/p>\n<p><\/p>\n","protected":false},"featured_media":22976,"template":"","meta":{"_acf_changed":false},"product_brand":[],"product_cat":[53],"product_tag":[],"class_list":{"0":"post-22812","1":"product","2":"type-product","3":"status-publish","4":"has-post-thumbnail","6":"product_cat-bacs","7":"pa_breite-129-00-fr","8":"pa_buegelart-sans","9":"pa_erstoeffnungsgarantie-oui","10":"pa_farbe-blanc","11":"pa_form-angulaire","12":"pa_gefahrgutzulassung-un-non","13":"pa_gewicht-0-035-fr","14":"pa_hoehe-109-fr","15":"pa_iso-volumen-1-1-fr","16":"pa_laenge-129-00-fr","17":"pa_lebensmittelzulassung-oui","18":"pa_material-polypropylene","19":"pa_randvoll-volumen-1-25-fr","20":"pa_verschlusseigenschaft-a-cliquet","22":"first","23":"instock","24":"sale","25":"taxable","26":"shipping-taxable","27":"purchasable","28":"product-type-simple"},"acf":[],"tiered_pricing_type":"fixed","tiered_pricing_fixed_rules":{"100":0.78,"1620":0.58,"3240":0.32},"tiered_pricing_product_settings":{"layout":"default","base_unit_name":{"singular":null,"plural":null},"default_variation":null},"tiered_pricing_minimum_quantity":null,"tiered_pricing_roles_data":[],"tiered_pricing_percentage_rules":[],"_links":{"self":[{"href":"https:\/\/packstar.dev.nfx.li\/fr\/wp-json\/wp\/v2\/product\/22812","targetHints":{"allow":["GET"]}}],"collection":[{"href":"https:\/\/packstar.dev.nfx.li\/fr\/wp-json\/wp\/v2\/product"}],"about":[{"href":"https:\/\/packstar.dev.nfx.li\/fr\/wp-json\/wp\/v2\/types\/product"}],"wp:featuredmedia":[{"embeddable":true,"href":"https:\/\/packstar.dev.nfx.li\/fr\/wp-json\/wp\/v2\/media\/22976"}],"wp:attachment":[{"href":"https:\/\/packstar.dev.nfx.li\/fr\/wp-json\/wp\/v2\/media?parent=22812"}],"wp:term":[{"taxonomy":"product_brand","embeddable":true,"href":"https:\/\/packstar.dev.nfx.li\/fr\/wp-json\/wp\/v2\/product_brand?post=22812"},{"taxonomy":"product_cat","embeddable":true,"href":"https:\/\/packstar.dev.nfx.li\/fr\/wp-json\/wp\/v2\/product_cat?post=22812"},{"taxonomy":"product_tag","embeddable":true,"href":"https:\/\/packstar.dev.nfx.li\/fr\/wp-json\/wp\/v2\/product_tag?post=22812"}],"curies":[{"name":"wp","href":"https:\/\/api.w.org\/{rel}","templated":true}]}}