{"id":22770,"date":"2025-03-17T16:42:02","date_gmt":"2025-03-17T16:42:06","guid":{"rendered":"https:\/\/packstar.dev.nfx.li\/produkt\/seau-jeto-185-18-9-litre-anse-en-metaux-2\/"},"modified":"2025-12-31T13:35:21","modified_gmt":"2025-12-31T13:35:21","slug":"seau-jeto-185-18-9-litre-anse-en-metaux-2","status":"publish","type":"product","link":"https:\/\/packstar.dev.nfx.li\/fr\/produkt\/seau-jeto-185-18-9-litre-anse-en-metaux-2\/","title":{"rendered":"Seau JETO 185 (18.9 Litre) anse en metaux"},"content":{"rendered":"<p>Le seau ovale en plastique JETO 185 est le seau de forme ovale le plus vendu et est consid\u00e9r\u00e9 comme un classique, en particulier dans l&#8217;industrie de la peinture. Avec sa forme sp\u00e9ciale et ses caract\u00e9ristiques robustes, ce seau offre une solution fiable pour le stockage et le transport de peintures et autres produits dans l&#8217;industrie. Le seau ovale en plastique JETO 185 s&#8217;adresse aux entreprises de l&#8217;industrie de la peinture ainsi qu&#8217;\u00e0 d&#8217;autres secteurs industriels qui ont besoin d&#8217;une solution d&#8217;emballage fiable et sp\u00e9cifique pour leurs produits. Des fabricants de peinture aux entreprises de construction en passant par les ateliers de peinture, le seau JETO 185 est le choix id\u00e9al pour tous ceux qui recherchent un r\u00e9cipient \u00e9prouv\u00e9 et de forme sp\u00e9ciale.<\/p>\n","protected":false},"excerpt":{"rendered":"<ul><\/p>\n<li>Seau ovale de Jokey avec anse en m\u00e9tal <\/li>\n<p><\/p>\n<li>Volume : 18.9 litre <\/li>\n<p><\/p>\n<li>Mat\u00e9riel : polypropyl\u00e8ne (PP) sans risque pour produits alimentaires <\/li>\n<p><\/p>\n<li>Couleur : blanc <\/li>\n<p><\/p>\n<li>Dimensions&nbsp;: 380 x 299 mm <\/li>\n<p><\/p>\n<li>Hauteur : 299 mm <\/li>\n<p><\/p>\n<li>Appropri\u00e9 pour produits alimentaires, couleurs, etc. <\/li>\n<p><\/p>\n<li>Couvercle : DETO155P <\/li>\n<p><\/p>\n<li>Poids \/ pi\u00e8ce en kg : 0.68 (seau et couvercle)<\/li>\n<p>\n    <\/ul><\/p>\n","protected":false},"featured_media":23190,"template":"","meta":{"_acf_changed":false},"product_brand":[],"product_cat":[51],"product_tag":[],"class_list":{"0":"post-22770","1":"product","2":"type-product","3":"status-publish","4":"has-post-thumbnail","6":"product_cat-seaux","7":"pa_breite-299-00-fr","8":"pa_buegelart-metal","9":"pa_erstoeffnungsgarantie-oui","10":"pa_farbe-blanc","11":"pa_form-ovale","12":"pa_gefahrgutzulassung-un-non","13":"pa_hoehe-298-fr","14":"pa_iso-volumen-18-9-fr","15":"pa_laenge-380-fr","16":"pa_lebensmittelzulassung-oui","17":"pa_material-polypropylene","18":"pa_randvoll-volumen-19-8-fr","19":"pa_verschlusseigenschaft-a-cliquet","21":"first","22":"instock","23":"taxable","24":"shipping-taxable","25":"purchasable","26":"product-type-simple"},"acf":[],"tiered_pricing_type":"fixed","tiered_pricing_fixed_rules":{"50":3.95,"220":3.75,"448":3},"tiered_pricing_product_settings":{"layout":"default","base_unit_name":{"singular":null,"plural":null},"default_variation":null},"tiered_pricing_minimum_quantity":null,"tiered_pricing_roles_data":[],"tiered_pricing_percentage_rules":[],"_links":{"self":[{"href":"https:\/\/packstar.dev.nfx.li\/fr\/wp-json\/wp\/v2\/product\/22770","targetHints":{"allow":["GET"]}}],"collection":[{"href":"https:\/\/packstar.dev.nfx.li\/fr\/wp-json\/wp\/v2\/product"}],"about":[{"href":"https:\/\/packstar.dev.nfx.li\/fr\/wp-json\/wp\/v2\/types\/product"}],"wp:featuredmedia":[{"embeddable":true,"href":"https:\/\/packstar.dev.nfx.li\/fr\/wp-json\/wp\/v2\/media\/23190"}],"wp:attachment":[{"href":"https:\/\/packstar.dev.nfx.li\/fr\/wp-json\/wp\/v2\/media?parent=22770"}],"wp:term":[{"taxonomy":"product_brand","embeddable":true,"href":"https:\/\/packstar.dev.nfx.li\/fr\/wp-json\/wp\/v2\/product_brand?post=22770"},{"taxonomy":"product_cat","embeddable":true,"href":"https:\/\/packstar.dev.nfx.li\/fr\/wp-json\/wp\/v2\/product_cat?post=22770"},{"taxonomy":"product_tag","embeddable":true,"href":"https:\/\/packstar.dev.nfx.li\/fr\/wp-json\/wp\/v2\/product_tag?post=22770"}],"curies":[{"name":"wp","href":"https:\/\/api.w.org\/{rel}","templated":true}]}}