{"id":22732,"date":"2025-03-17T16:38:14","date_gmt":"2025-03-17T16:38:17","guid":{"rendered":"https:\/\/packstar.dev.nfx.li\/produkt\/flacon-aluminium-38-ml-9m6\/"},"modified":"2026-01-02T13:01:41","modified_gmt":"2026-01-02T13:01:41","slug":"flacon-aluminium-38-ml-9m6","status":"publish","type":"product","link":"https:\/\/packstar.dev.nfx.li\/fr\/produkt\/flacon-aluminium-38-ml-9m6\/","title":{"rendered":"Flacon Aluminium 38 ml 9M6"},"content":{"rendered":"<p>La gamme 9M6 en aluminium 1070A est particuli\u00e8rement adapt\u00e9e \u00e0 l&#8217;\u00e9chantillonnage et au conditionnement de produits sensibles et offre une excellente protection de vos produits. Ces emballages monoblocs pr\u00e9servent la fra\u00eecheur de vos produits.<\/p>\n","protected":false},"excerpt":{"rendered":"<p style=\"margin-bottom: 0px;margin-top: 0px\">\u2022 Flacon Aluminium Tournaire incl. bouchon et obturateur<\/p>\n<p><\/p>\n<p style=\"margin-bottom: 0px;margin-top: 0px\">\u2022 Inhalt: 38 ml <\/p>\n<p><\/p>\n<p style=\"margin-bottom: 0px;margin-top: 0px\">\u2022 Diam\u00e8tre: 35 mm <\/p>\n<p><\/p>\n<p style=\"margin-bottom: 0px;margin-top: 0px\">\u2022 Diam\u00e8tre goulot: 14 mm <\/p>\n<p><\/p>\n<p style=\"margin-bottom: 0px;margin-top: 0px\">\u2022 Hauteur: 71 mm <\/p>\n<p><\/p>\n<p style=\"margin-bottom: 0px;margin-top: 0px\">\u2022 Mat\u00e9riel Flacon: Aluminium <\/p>\n<p><\/p>\n<p style=\"margin-bottom: 0px;margin-top: 0px\">\u2022 Material Bouchon: Polypropylen, PE\/AL &#8211; Joint<\/p>\n<p><\/p>\n<p style=\"margin-bottom: 0px;margin-top: 0px\">\u2022 Agr\u00e9ment UN: 1B1\/X1,2\/250<\/p>\n","protected":false},"featured_media":23414,"template":"","meta":{"_acf_changed":false},"product_brand":[],"product_cat":[61],"product_tag":[],"class_list":{"0":"post-22732","1":"product","2":"type-product","3":"status-publish","4":"has-post-thumbnail","6":"product_cat-bouteilles-en-aluminium","7":"pa_durchmesser-35-fr","8":"pa_erstoeffnungsgarantie-non","9":"pa_flaschenhalsdurchmesser-14-fr","10":"pa_gefahrgutzulassung-un-non","11":"pa_hoehe-71-fr","12":"pa_iso-volumen-0-038-fr","13":"pa_lebensmittelzulassung-oui","14":"pa_material-aluminium-brut","15":"pa_verschlusseigenschaft-bouchon-a-vis","17":"first","18":"onbackorder","19":"taxable","20":"shipping-taxable","21":"purchasable","22":"product-type-simple"},"acf":[],"tiered_pricing_type":"fixed","tiered_pricing_fixed_rules":{"250":1.45,"500":1.29,"1000":1.18},"tiered_pricing_product_settings":{"layout":"default","base_unit_name":{"singular":null,"plural":null},"default_variation":null},"tiered_pricing_minimum_quantity":null,"tiered_pricing_roles_data":[],"tiered_pricing_percentage_rules":[],"_links":{"self":[{"href":"https:\/\/packstar.dev.nfx.li\/fr\/wp-json\/wp\/v2\/product\/22732","targetHints":{"allow":["GET"]}}],"collection":[{"href":"https:\/\/packstar.dev.nfx.li\/fr\/wp-json\/wp\/v2\/product"}],"about":[{"href":"https:\/\/packstar.dev.nfx.li\/fr\/wp-json\/wp\/v2\/types\/product"}],"wp:featuredmedia":[{"embeddable":true,"href":"https:\/\/packstar.dev.nfx.li\/fr\/wp-json\/wp\/v2\/media\/23414"}],"wp:attachment":[{"href":"https:\/\/packstar.dev.nfx.li\/fr\/wp-json\/wp\/v2\/media?parent=22732"}],"wp:term":[{"taxonomy":"product_brand","embeddable":true,"href":"https:\/\/packstar.dev.nfx.li\/fr\/wp-json\/wp\/v2\/product_brand?post=22732"},{"taxonomy":"product_cat","embeddable":true,"href":"https:\/\/packstar.dev.nfx.li\/fr\/wp-json\/wp\/v2\/product_cat?post=22732"},{"taxonomy":"product_tag","embeddable":true,"href":"https:\/\/packstar.dev.nfx.li\/fr\/wp-json\/wp\/v2\/product_tag?post=22732"}],"curies":[{"name":"wp","href":"https:\/\/api.w.org\/{rel}","templated":true}]}}