{"id":22728,"date":"2025-03-17T16:38:03","date_gmt":"2025-03-17T16:38:06","guid":{"rendered":"https:\/\/packstar.dev.nfx.li\/produkt\/bouteille-aluminium-12-5-l-plus-62\/"},"modified":"2026-01-02T13:01:27","modified_gmt":"2026-01-02T13:01:27","slug":"bouteille-aluminium-12-5-l-plus-62","status":"publish","type":"product","link":"https:\/\/packstar.dev.nfx.li\/fr\/produkt\/bouteille-aluminium-12-5-l-plus-62\/","title":{"rendered":"Bouteille Aluminium 12.5 l Plus 62"},"content":{"rendered":"<p>V\u00e9ritable r\u00e9f\u00e9rence sur le march\u00e9, la gamme System Plus est id\u00e9ale pour l&#8217;emballage, le transport et l&#8217;\u00e9chantillonnage de produits sensibles. Fabriqu\u00e9 en aluminium 1050A et 1070A, cet emballage offre une grande r\u00e9sistance aux chocs, aux d\u00e9chirures et aux produits chimiques, tout en garantissant une barri\u00e8re contre les UV \u00e0 100%. Le monobloc, la structure sans soudure et le scellage inviolable assurent une \u00e9tanch\u00e9it\u00e9 optimale et une s\u00e9curit\u00e9 maximale pour vos produits. &#8211; Capacit\u00e9 : entre 50 ml et 32 l<\/p>\n","protected":false},"excerpt":{"rendered":"<p style=\"margin-bottom: 0px;margin-top: 0px\">\u2022 Bouteille Aluminium Tournaire incl. bouchon et obturateur<\/p>\n<p><\/p>\n<p style=\"margin-bottom: 0px;margin-top: 0px\">\u2022 Inhalt: 12.5 litre<\/p>\n<p><\/p>\n<p style=\"margin-bottom: 0px;margin-top: 0px\">\u2022 Diam\u00e8tre: 220 mm <\/p>\n<p><\/p>\n<p style=\"margin-bottom: 0px;margin-top: 0px\">\u2022 Diam\u00e8tre goulot: 46 mm <\/p>\n<p><\/p>\n<p style=\"margin-bottom: 0px;margin-top: 0px\">\u2022 Hauteur: 419 mm <\/p>\n<p><\/p>\n<p style=\"margin-bottom: 0px;margin-top: 0px\">\u2022 Mat\u00e9riel Bouteille: Aluminium <\/p>\n<p><\/p>\n<p style=\"margin-bottom: 0px;margin-top: 0px\">\u2022 Material Bouchon: Polypropylen, PE\/AL &#8211; Joint<\/p>\n<p><\/p>\n<p style=\"margin-bottom: 0px;margin-top: 0px\">\u2022 Agr\u00e9ment UN: 1B1\/X1,2\/250<\/p>\n","protected":false},"featured_media":23408,"template":"","meta":{"_acf_changed":false},"product_brand":[],"product_cat":[61],"product_tag":[],"class_list":{"0":"post-22728","1":"product","2":"type-product","3":"status-publish","4":"has-post-thumbnail","6":"product_cat-bouteilles-en-aluminium","7":"pa_durchmesser-220-fr","8":"pa_erstoeffnungsgarantie-oui","9":"pa_flaschenhalsdurchmesser-46-fr","10":"pa_gefahrgutzulassung-un-oui","11":"pa_hoehe-419-fr","12":"pa_iso-volumen-12-5-fr","13":"pa_lebensmittelzulassung-oui","14":"pa_material-aluminium-brut","15":"pa_verschlusseigenschaft-bouchon-a-vis","17":"first","18":"instock","19":"taxable","20":"shipping-taxable","21":"purchasable","22":"product-type-simple"},"acf":[],"tiered_pricing_type":"fixed","tiered_pricing_fixed_rules":{"9":47.2,"54":41.97,"90":30.64},"tiered_pricing_product_settings":{"layout":"default","base_unit_name":{"singular":null,"plural":null},"default_variation":null},"tiered_pricing_minimum_quantity":null,"tiered_pricing_roles_data":[],"tiered_pricing_percentage_rules":[],"_links":{"self":[{"href":"https:\/\/packstar.dev.nfx.li\/fr\/wp-json\/wp\/v2\/product\/22728","targetHints":{"allow":["GET"]}}],"collection":[{"href":"https:\/\/packstar.dev.nfx.li\/fr\/wp-json\/wp\/v2\/product"}],"about":[{"href":"https:\/\/packstar.dev.nfx.li\/fr\/wp-json\/wp\/v2\/types\/product"}],"wp:featuredmedia":[{"embeddable":true,"href":"https:\/\/packstar.dev.nfx.li\/fr\/wp-json\/wp\/v2\/media\/23408"}],"wp:attachment":[{"href":"https:\/\/packstar.dev.nfx.li\/fr\/wp-json\/wp\/v2\/media?parent=22728"}],"wp:term":[{"taxonomy":"product_brand","embeddable":true,"href":"https:\/\/packstar.dev.nfx.li\/fr\/wp-json\/wp\/v2\/product_brand?post=22728"},{"taxonomy":"product_cat","embeddable":true,"href":"https:\/\/packstar.dev.nfx.li\/fr\/wp-json\/wp\/v2\/product_cat?post=22728"},{"taxonomy":"product_tag","embeddable":true,"href":"https:\/\/packstar.dev.nfx.li\/fr\/wp-json\/wp\/v2\/product_tag?post=22728"}],"curies":[{"name":"wp","href":"https:\/\/api.w.org\/{rel}","templated":true}]}}