{"id":22697,"date":"2025-03-17T16:36:35","date_gmt":"2025-03-17T16:36:38","guid":{"rendered":"https:\/\/packstar.dev.nfx.li\/produkt\/boite-jsp-11072-1-2-litre\/"},"modified":"2025-12-15T12:51:33","modified_gmt":"2025-12-15T12:51:33","slug":"boite-jsp-11072-1-2-litre","status":"publish","type":"product","link":"https:\/\/packstar.dev.nfx.li\/fr\/produkt\/boite-jsp-11072-1-2-litre\/","title":{"rendered":"Bo\u00eete JSP 11072 (1.2 Litre)"},"content":{"rendered":"<p>Bo\u00eete rond de Jokey avec anse en plastique <br \/>\nVolume : 1.2 litres <br \/>\nMat\u00e9riau : polypropyl\u00e8ne (PP) sans danger pour les aliments<br \/>\ncouleur : blanc <br \/>\nDiam\u00e8tre sup\u00e9rieur : 132 mm <br \/>\nHauteur : 113.5 mm<\/p>\n<p> Convient pour les aliments, la peinture, etc.<\/p>\n<p>Couvercle : DETB 130 <\/p>\n<p>Poids\/pi\u00e8ce en kg : 0.275 (seau et couvercle)<\/p>\n","protected":false},"excerpt":{"rendered":"<p>Bo\u00eete rond de Jokey avec anse en plastique Volume : 1.2 litres Mat\u00e9riau : polypropyl\u00e8ne (PP) sans danger pour les aliments couleur : blanc Diam\u00e8tre sup\u00e9rieur : 132 mm Hauteur : 113.5 mm Convient pour les aliments, la peinture, etc. Couvercle : DETB 130 Poids\/pi\u00e8ce en kg : 0.275 (seau et couvercle)<\/p>\n","protected":false},"featured_media":23864,"template":"","meta":{"_acf_changed":false},"product_brand":[],"product_cat":[52],"product_tag":[],"class_list":{"0":"post-22697","1":"product","2":"type-product","3":"status-publish","4":"has-post-thumbnail","6":"product_cat-boites","7":"pa_buegelart-plastique","8":"pa_durchmesser-132-fr","9":"pa_erstoeffnungsgarantie-oui","10":"pa_farbe-blanc","11":"pa_form-rond","12":"pa_gefahrgutzulassung-un-non","13":"pa_hoehe-113-5-fr","14":"pa_iso-volumen-1-1-fr","15":"pa_lebensmittelzulassung-oui","16":"pa_material-polypropylene","17":"pa_randvoll-volumen-1-2-fr","18":"pa_verschlusseigenschaft-a-cliquet","20":"first","21":"instock","22":"taxable","23":"shipping-taxable","24":"purchasable","25":"product-type-simple"},"acf":[],"tiered_pricing_type":"fixed","tiered_pricing_fixed_rules":{"100":0.42,"1632":0.38,"3264":0.29},"tiered_pricing_product_settings":{"layout":"default","base_unit_name":{"singular":null,"plural":null},"default_variation":null},"tiered_pricing_minimum_quantity":null,"tiered_pricing_roles_data":[],"tiered_pricing_percentage_rules":[],"_links":{"self":[{"href":"https:\/\/packstar.dev.nfx.li\/fr\/wp-json\/wp\/v2\/product\/22697","targetHints":{"allow":["GET"]}}],"collection":[{"href":"https:\/\/packstar.dev.nfx.li\/fr\/wp-json\/wp\/v2\/product"}],"about":[{"href":"https:\/\/packstar.dev.nfx.li\/fr\/wp-json\/wp\/v2\/types\/product"}],"wp:featuredmedia":[{"embeddable":true,"href":"https:\/\/packstar.dev.nfx.li\/fr\/wp-json\/wp\/v2\/media\/23864"}],"wp:attachment":[{"href":"https:\/\/packstar.dev.nfx.li\/fr\/wp-json\/wp\/v2\/media?parent=22697"}],"wp:term":[{"taxonomy":"product_brand","embeddable":true,"href":"https:\/\/packstar.dev.nfx.li\/fr\/wp-json\/wp\/v2\/product_brand?post=22697"},{"taxonomy":"product_cat","embeddable":true,"href":"https:\/\/packstar.dev.nfx.li\/fr\/wp-json\/wp\/v2\/product_cat?post=22697"},{"taxonomy":"product_tag","embeddable":true,"href":"https:\/\/packstar.dev.nfx.li\/fr\/wp-json\/wp\/v2\/product_tag?post=22697"}],"curies":[{"name":"wp","href":"https:\/\/api.w.org\/{rel}","templated":true}]}}