{"id":22649,"date":"2025-03-17T16:32:26","date_gmt":"2025-03-17T16:32:29","guid":{"rendered":"https:\/\/packstar.dev.nfx.li\/produkt\/seau-jetq-105-10-7-litre-jaune\/"},"modified":"2025-11-17T10:36:27","modified_gmt":"2025-11-17T10:36:27","slug":"seau-jetq-105-10-7-litre-jaune","status":"publish","type":"product","link":"https:\/\/packstar.dev.nfx.li\/fr\/produkt\/seau-jetq-105-10-7-litre-jaune\/","title":{"rendered":"Seau JETQ 105 (10.7 Litre) jaune"},"content":{"rendered":"<p>La s\u00e9rie JETQ nos seaux carr\u00e9s font de la publicit\u00e9 au carr\u00e9 gr\u00e2ce \u00e0 leur forme inhabituelle. Les dimensions de nos seaux carr\u00e9s sont adapt\u00e9es \u00e0 une vidange optimale des r\u00e9sidus et n\u00e9cessitent donc \u00e9galement jusqu&#8217;\u00e0 30% d&#8217;espace en moins dans les rayons et sur les palettes. En outre, ils sont tous de qualit\u00e9 alimentaire et sont dot\u00e9s d&#8217;une garantie de premi\u00e8re ouverture.<\/p>\n","protected":false},"excerpt":{"rendered":"<ul><\/p>\n<li>Seau car\u00e9e de Jokey avec anse en plastique&nbsp;<\/li>\n<p><\/p>\n<li>Volume : 10.7 litre<\/li>\n<p><\/p>\n<li>Mat\u00e9riel : polypropyl\u00e8ne (PP) sans risque pour produits alimentaires<\/li>\n<p><\/p>\n<li>Couleur : jaune ;<\/li>\n<p><\/p>\n<li>Dimensions: 287 x 248 mm<\/li>\n<p><\/p>\n<li>Hauteur : 216 mm&nbsp;<\/li>\n<p><\/p>\n<li>Appropri\u00e9 pour produits alimentaires, couleurs, etc.<\/li>\n<p><\/p>\n<li>Couvercle : DETQ 105 jaune<\/li>\n<p><\/p>\n<li>Poids \/ pi\u00e8ce en kg : 0.406 (seau et couvercle)<\/li>\n<p>\n    <\/ul><\/p>\n","protected":false},"featured_media":23588,"template":"","meta":{"_acf_changed":false},"product_brand":[],"product_cat":[51],"product_tag":[],"class_list":{"0":"post-22649","1":"product","2":"type-product","3":"status-publish","4":"has-post-thumbnail","6":"product_cat-seaux","7":"pa_breite-248-00-fr","8":"pa_buegelart-plastique","9":"pa_erstoeffnungsgarantie-oui","10":"pa_farbe-jaune","11":"pa_form-angulaire","12":"pa_gefahrgutzulassung-un-non","13":"pa_hoehe-215-fr","14":"pa_iso-volumen-10-7-fr","15":"pa_laenge-287-fr","16":"pa_lebensmittelzulassung-oui","17":"pa_material-polypropylene","18":"pa_randvoll-volumen-11-7-fr","19":"pa_verschlusseigenschaft-a-cliquet","21":"first","22":"instock","23":"taxable","24":"shipping-taxable","25":"purchasable","26":"product-type-simple"},"acf":[],"tiered_pricing_type":"fixed","tiered_pricing_fixed_rules":{"100":3.32,"336":2.96,"672":2.23},"tiered_pricing_product_settings":{"layout":"default","base_unit_name":{"singular":null,"plural":null},"default_variation":null},"tiered_pricing_minimum_quantity":null,"tiered_pricing_roles_data":[],"tiered_pricing_percentage_rules":[],"_links":{"self":[{"href":"https:\/\/packstar.dev.nfx.li\/fr\/wp-json\/wp\/v2\/product\/22649","targetHints":{"allow":["GET"]}}],"collection":[{"href":"https:\/\/packstar.dev.nfx.li\/fr\/wp-json\/wp\/v2\/product"}],"about":[{"href":"https:\/\/packstar.dev.nfx.li\/fr\/wp-json\/wp\/v2\/types\/product"}],"wp:featuredmedia":[{"embeddable":true,"href":"https:\/\/packstar.dev.nfx.li\/fr\/wp-json\/wp\/v2\/media\/23588"}],"wp:attachment":[{"href":"https:\/\/packstar.dev.nfx.li\/fr\/wp-json\/wp\/v2\/media?parent=22649"}],"wp:term":[{"taxonomy":"product_brand","embeddable":true,"href":"https:\/\/packstar.dev.nfx.li\/fr\/wp-json\/wp\/v2\/product_brand?post=22649"},{"taxonomy":"product_cat","embeddable":true,"href":"https:\/\/packstar.dev.nfx.li\/fr\/wp-json\/wp\/v2\/product_cat?post=22649"},{"taxonomy":"product_tag","embeddable":true,"href":"https:\/\/packstar.dev.nfx.li\/fr\/wp-json\/wp\/v2\/product_tag?post=22649"}],"curies":[{"name":"wp","href":"https:\/\/api.w.org\/{rel}","templated":true}]}}