{"id":22623,"date":"2025-03-17T16:30:55","date_gmt":"2025-03-17T16:30:58","guid":{"rendered":"https:\/\/packstar.dev.nfx.li\/produkt\/eimer-jeto-110-11-3-liter\/"},"modified":"2025-12-03T10:42:31","modified_gmt":"2025-12-03T10:42:31","slug":"eimer-jeto-110-11-3-liter","status":"publish","type":"product","link":"https:\/\/packstar.dev.nfx.li\/fr\/produkt\/eimer-jeto-110-11-3-liter\/","title":{"rendered":"Eimer JETO+ 110 (11.3 Liter)"},"content":{"rendered":"<p>S\u00e9rie JETO+, le seau de peinture ovale innovant &#8211; parfait pour l&#8217;utilisation de vibrateurs. Notre nouveau JETO+ convainc par son poids standard et offre pourtant une \u00e9tanch\u00e9it\u00e9 de 100% lors du vibrage. Le secret r\u00e9side dans le syst\u00e8me de couvercle avanc\u00e9. Autre avantage : la face inf\u00e9rieure lisse du couvercle emp\u00eache le d\u00e9p\u00f4t de pigments de couleur et garantit ainsi un m\u00e9lange de couleurs impeccable. Avec le JETO+, nous \u00e9tablissons de nouveaux crit\u00e8res de fonctionnalit\u00e9 et d&#8217;efficacit\u00e9 pour votre conservation de peinture.<\/p>\n","protected":false},"excerpt":{"rendered":"<p>S\u00e9rie JETO+, le seau de peinture ovale innovant &#8211; parfait pour l&#8217;utilisation de vibrateurs. Notre nouveau JETO+ convainc par son poids standard et offre pourtant une \u00e9tanch\u00e9it\u00e9 de 100% lors du vibrage. Le secret r\u00e9side dans le syst\u00e8me de couvercle avanc\u00e9. Autre avantage : la face inf\u00e9rieure lisse du couvercle emp\u00eache le d\u00e9p\u00f4t de pigments [&hellip;]<\/p>\n","protected":false},"featured_media":23850,"template":"","meta":{"_acf_changed":false},"product_brand":[],"product_cat":[51],"product_tag":[],"class_list":{"0":"post-22623","1":"product","2":"type-product","3":"status-publish","4":"has-post-thumbnail","6":"product_cat-seaux","7":"pa_breite-265-00-fr","8":"pa_buegelart-plastique","9":"pa_erstoeffnungsgarantie-oui","10":"pa_farbe-blanc","11":"pa_form-ovale","12":"pa_gefahrgutzulassung-un-non","13":"pa_hoehe-217-2-fr","14":"pa_iso-volumen-11-3-fr","15":"pa_laenge-345-fr","16":"pa_lebensmittelzulassung-oui","17":"pa_material-polypropylene","18":"pa_randvoll-volumen-12-5-fr","19":"pa_verschlusseigenschaft-a-cliquet","21":"first","22":"instock","23":"taxable","24":"shipping-taxable","25":"purchasable","26":"product-type-simple"},"acf":[],"tiered_pricing_type":"fixed","tiered_pricing_fixed_rules":{"100":3.01,"250":2.69,"500":2.04},"tiered_pricing_product_settings":{"layout":"default","base_unit_name":{"singular":null,"plural":null},"default_variation":null},"tiered_pricing_minimum_quantity":null,"tiered_pricing_roles_data":[],"tiered_pricing_percentage_rules":[],"_links":{"self":[{"href":"https:\/\/packstar.dev.nfx.li\/fr\/wp-json\/wp\/v2\/product\/22623","targetHints":{"allow":["GET"]}}],"collection":[{"href":"https:\/\/packstar.dev.nfx.li\/fr\/wp-json\/wp\/v2\/product"}],"about":[{"href":"https:\/\/packstar.dev.nfx.li\/fr\/wp-json\/wp\/v2\/types\/product"}],"wp:featuredmedia":[{"embeddable":true,"href":"https:\/\/packstar.dev.nfx.li\/fr\/wp-json\/wp\/v2\/media\/23850"}],"wp:attachment":[{"href":"https:\/\/packstar.dev.nfx.li\/fr\/wp-json\/wp\/v2\/media?parent=22623"}],"wp:term":[{"taxonomy":"product_brand","embeddable":true,"href":"https:\/\/packstar.dev.nfx.li\/fr\/wp-json\/wp\/v2\/product_brand?post=22623"},{"taxonomy":"product_cat","embeddable":true,"href":"https:\/\/packstar.dev.nfx.li\/fr\/wp-json\/wp\/v2\/product_cat?post=22623"},{"taxonomy":"product_tag","embeddable":true,"href":"https:\/\/packstar.dev.nfx.li\/fr\/wp-json\/wp\/v2\/product_tag?post=22623"}],"curies":[{"name":"wp","href":"https:\/\/api.w.org\/{rel}","templated":true}]}}