{"id":22621,"date":"2025-03-17T16:30:50","date_gmt":"2025-03-17T16:30:53","guid":{"rendered":"https:\/\/packstar.dev.nfx.li\/produkt\/seau-jeto-13-1-3-litre\/"},"modified":"2025-12-16T13:20:50","modified_gmt":"2025-12-16T13:20:50","slug":"seau-jeto-13-1-3-litre","status":"publish","type":"product","link":"https:\/\/packstar.dev.nfx.li\/fr\/produkt\/seau-jeto-13-1-3-litre\/","title":{"rendered":"Seau JETO 13 (1.3 Litre)"},"content":{"rendered":"<p>La s\u00e9rie JETO, nos seaux de peinture classiques. Gr\u00e2ce \u00e0 leur forme ovale, ils conviennent parfaitement pour m\u00e9langer la peinture, le b\u00e9ton et pour y plonger le rouleau de peinture. Le couvercle ou le couvercle \u00e0 encliqueter assure un rangement s\u00fbr et prot\u00e8ge contre les d\u00e9versements et les salissures. L&#8217;anse en plastique ou en m\u00e9tal permet un transport s\u00fbr et facilite la manipulation. Bien entendu, ces seaux sont \u00e9galement de qualit\u00e9 alimentaire et dot\u00e9s d&#8217;une garantie de premi\u00e8re ouverture.<\/p>\n","protected":false},"excerpt":{"rendered":"<p>La s\u00e9rie JETO, nos seaux de peinture classiques. Gr\u00e2ce \u00e0 leur forme ovale, ils conviennent parfaitement pour m\u00e9langer la peinture, le b\u00e9ton et pour y plonger le rouleau de peinture. Le couvercle ou le couvercle \u00e0 encliqueter assure un rangement s\u00fbr et prot\u00e8ge contre les d\u00e9versements et les salissures. L&#8217;anse en plastique ou en m\u00e9tal [&hellip;]<\/p>\n","protected":false},"featured_media":23140,"template":"","meta":{"_acf_changed":false},"product_brand":[],"product_cat":[51],"product_tag":[],"class_list":{"0":"post-22621","1":"product","2":"type-product","3":"status-publish","4":"has-post-thumbnail","6":"product_cat-seaux","7":"pa_breite-130-50-fr","8":"pa_buegelart-metal","9":"pa_erstoeffnungsgarantie-oui","10":"pa_farbe-blanc","11":"pa_form-ovale","12":"pa_gefahrgutzulassung-un-non","13":"pa_hoehe-117-6-fr","14":"pa_iso-volumen-1-3-fr","15":"pa_laenge-171-fr","16":"pa_lebensmittelzulassung-oui","17":"pa_material-polypropylene","18":"pa_randvoll-volumen-1-4-fr","19":"pa_verschlusseigenschaft-a-cliquet","21":"first","22":"instock","23":"taxable","24":"shipping-taxable","25":"purchasable","26":"product-type-simple"},"acf":[],"tiered_pricing_type":"fixed","tiered_pricing_fixed_rules":{"200":1.17,"864":0.78,"1728":0.73},"tiered_pricing_product_settings":{"layout":"default","base_unit_name":{"singular":null,"plural":null},"default_variation":null},"tiered_pricing_minimum_quantity":null,"tiered_pricing_roles_data":[],"tiered_pricing_percentage_rules":[],"_links":{"self":[{"href":"https:\/\/packstar.dev.nfx.li\/fr\/wp-json\/wp\/v2\/product\/22621","targetHints":{"allow":["GET"]}}],"collection":[{"href":"https:\/\/packstar.dev.nfx.li\/fr\/wp-json\/wp\/v2\/product"}],"about":[{"href":"https:\/\/packstar.dev.nfx.li\/fr\/wp-json\/wp\/v2\/types\/product"}],"wp:featuredmedia":[{"embeddable":true,"href":"https:\/\/packstar.dev.nfx.li\/fr\/wp-json\/wp\/v2\/media\/23140"}],"wp:attachment":[{"href":"https:\/\/packstar.dev.nfx.li\/fr\/wp-json\/wp\/v2\/media?parent=22621"}],"wp:term":[{"taxonomy":"product_brand","embeddable":true,"href":"https:\/\/packstar.dev.nfx.li\/fr\/wp-json\/wp\/v2\/product_brand?post=22621"},{"taxonomy":"product_cat","embeddable":true,"href":"https:\/\/packstar.dev.nfx.li\/fr\/wp-json\/wp\/v2\/product_cat?post=22621"},{"taxonomy":"product_tag","embeddable":true,"href":"https:\/\/packstar.dev.nfx.li\/fr\/wp-json\/wp\/v2\/product_tag?post=22621"}],"curies":[{"name":"wp","href":"https:\/\/api.w.org\/{rel}","templated":true}]}}