{"id":22605,"date":"2025-03-17T16:28:05","date_gmt":"2025-03-17T16:28:09","guid":{"rendered":"https:\/\/packstar.dev.nfx.li\/produkt\/seau-jet-2000-un-21-0-litre\/"},"modified":"2025-11-24T07:35:26","modified_gmt":"2025-11-24T07:35:26","slug":"seau-jet-2000-un-21-0-litre","status":"publish","type":"product","link":"https:\/\/packstar.dev.nfx.li\/fr\/produkt\/seau-jet-2000-un-21-0-litre\/","title":{"rendered":"Seau JET 2000 UN (21.0 Litre)"},"content":{"rendered":"<p>Nos seaux UN avec anse et homologation UN pour les marchandises \u00e0 risque jusqu&#8217;\u00e0 la classe d&#8217;emballage &#8220;II&#8221; pour les mati\u00e8res d\u00e9clar\u00e9es comme dangereuses. Les seaux id\u00e9aux pour un transport en toute securit\u00e9.<\/p>\n","protected":false},"excerpt":{"rendered":"<ul><\/p>\n<li>Seau rond UN de Jokey avec anse en plastique <\/li>\n<p><\/p>\n<li>Cette gamme est homologu\u00e9e pour des produits dangereux de classe II <\/li>\n<p><\/p>\n<li>Volume : 21.0 litre <\/li>\n<p><\/p>\n<li>Mat\u00e9riel : polypropyl\u00e8ne (PP) <\/li>\n<p><\/p>\n<li>Couleur : blanc Diam\u00e8tre sup\u00e9rieur diam\u00e8tre : 321 mm <\/li>\n<p><\/p>\n<li>Hauteur : 383 mm <\/li>\n<p><\/p>\n<li>Appropri\u00e9 pour produits d\u00e9clar\u00e9s dangereux, couleurs, etc. <\/li>\n<p><\/p>\n<li>Couvercle : DET3200-T UN <\/li>\n<p><\/p>\n<li>Poids \/ pi\u00e8ce en kg : 0.943 (seau et couvercle)<\/li>\n<p>\n    <\/ul><\/p>\n","protected":false},"featured_media":23100,"template":"","meta":{"_acf_changed":false},"product_brand":[],"product_cat":[51],"product_tag":[],"class_list":{"0":"post-22605","1":"product","2":"type-product","3":"status-publish","4":"has-post-thumbnail","6":"product_cat-seaux","7":"pa_buegelart-plastique","8":"pa_durchmesser-321-9-fr","9":"pa_erstoeffnungsgarantie-oui","10":"pa_farbe-blanc","11":"pa_form-rond","12":"pa_gefahrgutzulassung-un-oui","13":"pa_hoehe-383-fr","14":"pa_iso-volumen-21-9-fr","15":"pa_lebensmittelzulassung-non","16":"pa_material-polypropylene","17":"pa_randvoll-volumen-22-9-fr","18":"pa_verschlusseigenschaft-a-cliquet","20":"first","21":"instock","22":"taxable","23":"shipping-taxable","24":"purchasable","25":"product-type-simple"},"acf":[],"tiered_pricing_type":"fixed","tiered_pricing_fixed_rules":{"24":8.55,"96":7.63,"192":5.77},"tiered_pricing_product_settings":{"layout":"default","base_unit_name":{"singular":null,"plural":null},"default_variation":null},"tiered_pricing_minimum_quantity":null,"tiered_pricing_roles_data":[],"tiered_pricing_percentage_rules":[],"_links":{"self":[{"href":"https:\/\/packstar.dev.nfx.li\/fr\/wp-json\/wp\/v2\/product\/22605","targetHints":{"allow":["GET"]}}],"collection":[{"href":"https:\/\/packstar.dev.nfx.li\/fr\/wp-json\/wp\/v2\/product"}],"about":[{"href":"https:\/\/packstar.dev.nfx.li\/fr\/wp-json\/wp\/v2\/types\/product"}],"wp:featuredmedia":[{"embeddable":true,"href":"https:\/\/packstar.dev.nfx.li\/fr\/wp-json\/wp\/v2\/media\/23100"}],"wp:attachment":[{"href":"https:\/\/packstar.dev.nfx.li\/fr\/wp-json\/wp\/v2\/media?parent=22605"}],"wp:term":[{"taxonomy":"product_brand","embeddable":true,"href":"https:\/\/packstar.dev.nfx.li\/fr\/wp-json\/wp\/v2\/product_brand?post=22605"},{"taxonomy":"product_cat","embeddable":true,"href":"https:\/\/packstar.dev.nfx.li\/fr\/wp-json\/wp\/v2\/product_cat?post=22605"},{"taxonomy":"product_tag","embeddable":true,"href":"https:\/\/packstar.dev.nfx.li\/fr\/wp-json\/wp\/v2\/product_tag?post=22605"}],"curies":[{"name":"wp","href":"https:\/\/api.w.org\/{rel}","templated":true}]}}