{"id":22535,"date":"2025-03-17T16:22:47","date_gmt":"2025-03-17T16:22:50","guid":{"rendered":"https:\/\/packstar.dev.nfx.li\/produkt\/seau-jet-56-5-7-litre-noir\/"},"modified":"2025-12-18T15:57:34","modified_gmt":"2025-12-18T15:57:34","slug":"seau-jet-56-5-7-litre-noir","status":"publish","type":"product","link":"https:\/\/packstar.dev.nfx.li\/fr\/produkt\/seau-jet-56-5-7-litre-noir\/","title":{"rendered":"Seau JET 56 (5.7 Litre) noir"},"content":{"rendered":"<p>Le seau en plastique JET 56 est le seau de 5 litres le plus vendu en Suisse et un v\u00e9ritable classique de Jokey SE. Sp\u00e9cialement con\u00e7u pour r\u00e9pondre aux exigences de l&#8217;industrie alimentaire, ce seau offre une solution fiable et polyvalente pour le stockage et le transport des aliments et autres produits.<\/p>\n","protected":false},"excerpt":{"rendered":"<ul><\/p>\n<li>Seau rond de Jokey avec anse en plastique <\/li>\n<p><\/p>\n<li>Volume : 5.7 litre <\/li>\n<p><\/p>\n<li>Mat\u00e9riel : polypropyl\u00e8ne (PP) sans risque pour produits alimentaires <\/li>\n<p><\/p>\n<li>Couleur : noir <\/li>\n<p><\/p>\n<li>Diam\u00e8tre sup\u00e9rieur diam\u00e8tre : 225 mm <\/li>\n<p><\/p>\n<li>Hauteur : 195 mm<\/li>\n<p><\/p>\n<li>Appropri\u00e9 pour produits alimentaires, couleurs, etc. <\/li>\n<p><\/p>\n<li>Couvercle : DET225P <\/li>\n<p><\/p>\n<li>Poids \/ pi\u00e8ce en kg : 0.193 (seau et couvercle)<\/li>\n<p>\n    <\/ul><\/p>\n","protected":false},"featured_media":23180,"template":"","meta":{"_acf_changed":false},"product_brand":[],"product_cat":[51],"product_tag":[],"class_list":{"0":"post-22535","1":"product","2":"type-product","3":"status-publish","4":"has-post-thumbnail","6":"product_cat-seaux","7":"pa_buegelart-plastique","8":"pa_durchmesser-227-fr","9":"pa_erstoeffnungsgarantie-oui","10":"pa_farbe-noir","11":"pa_form-rond","12":"pa_gefahrgutzulassung-un-non","13":"pa_hoehe-194-fr","14":"pa_iso-volumen-5-7-fr","15":"pa_lebensmittelzulassung-oui","16":"pa_material-polypropylene","17":"pa_randvoll-volumen-6-fr","18":"pa_verschlusseigenschaft-a-cliquet","20":"first","21":"instock","22":"taxable","23":"shipping-taxable","24":"purchasable","25":"product-type-simple"},"acf":[],"tiered_pricing_type":"fixed","tiered_pricing_fixed_rules":{"540":1.21,"1080":0.99},"tiered_pricing_product_settings":{"layout":"default","base_unit_name":{"singular":null,"plural":null},"default_variation":null},"tiered_pricing_minimum_quantity":null,"tiered_pricing_roles_data":[],"tiered_pricing_percentage_rules":[],"_links":{"self":[{"href":"https:\/\/packstar.dev.nfx.li\/fr\/wp-json\/wp\/v2\/product\/22535","targetHints":{"allow":["GET"]}}],"collection":[{"href":"https:\/\/packstar.dev.nfx.li\/fr\/wp-json\/wp\/v2\/product"}],"about":[{"href":"https:\/\/packstar.dev.nfx.li\/fr\/wp-json\/wp\/v2\/types\/product"}],"wp:featuredmedia":[{"embeddable":true,"href":"https:\/\/packstar.dev.nfx.li\/fr\/wp-json\/wp\/v2\/media\/23180"}],"wp:attachment":[{"href":"https:\/\/packstar.dev.nfx.li\/fr\/wp-json\/wp\/v2\/media?parent=22535"}],"wp:term":[{"taxonomy":"product_brand","embeddable":true,"href":"https:\/\/packstar.dev.nfx.li\/fr\/wp-json\/wp\/v2\/product_brand?post=22535"},{"taxonomy":"product_cat","embeddable":true,"href":"https:\/\/packstar.dev.nfx.li\/fr\/wp-json\/wp\/v2\/product_cat?post=22535"},{"taxonomy":"product_tag","embeddable":true,"href":"https:\/\/packstar.dev.nfx.li\/fr\/wp-json\/wp\/v2\/product_tag?post=22535"}],"curies":[{"name":"wp","href":"https:\/\/api.w.org\/{rel}","templated":true}]}}