{"id":22501,"date":"2025-03-17T16:21:15","date_gmt":"2025-03-17T16:21:17","guid":{"rendered":"https:\/\/packstar.dev.nfx.li\/produkt\/boite-jetb-850-860-ml-transparent\/"},"modified":"2025-12-24T10:52:28","modified_gmt":"2025-12-24T10:52:28","slug":"boite-jetb-850-860-ml-transparent","status":"publish","type":"product","link":"https:\/\/packstar.dev.nfx.li\/fr\/produkt\/boite-jetb-850-860-ml-transparent\/","title":{"rendered":"Bo\u00eete JETB 850 (860 ml) transparent"},"content":{"rendered":"<p>La s\u00e9rie JETB de petites bo\u00eetes est parfaite pour les produits gourmets, l&#8217;\u00e9picerie fine, les cr\u00e8mes glac\u00e9es et les confiseries. Avec leur volume \u00e0 partir de 120 ml, elles sont particuli\u00e8rement adapt\u00e9es aux m\u00e9nages et aux aliments. Ils sont \u00e9galement pratiques pour la chimie et la chimie de construction. Ils sont donc tous de qualit\u00e9 alimentaire et sont dot\u00e9s d&#8217;une garantie de premi\u00e8re ouverture.<\/p>\n","protected":false},"excerpt":{"rendered":"<ul><\/p>\n<li>Bo\u00eete Jokey avec anse en plastique <\/li>\n<p><\/p>\n<li>Volume : 860 ml <\/li>\n<p><\/p>\n<li>Mat\u00e9riel : polypropyl\u00e8ne (PP) sans risque pour produits alimentaires <\/li>\n<p><\/p>\n<li>Couleur : transparent pas clair comme du cristal <\/li>\n<p><\/p>\n<li>Diam\u00e8tre sup\u00e9rieur diam\u00e8tre : 118mm <\/li>\n<p><\/p>\n<li>Hauteur : 125 mm <\/li>\n<p><\/p>\n<li>Appropri\u00e9 pour produits alimentaires, couleurs, etc. <\/li>\n<p><\/p>\n<li>Couvercle : DETB 116 <\/li>\n<p><\/p>\n<li>Poids \/ pi\u00e8ce en kg : 0.039 (bo\u00eetier et couvercle)<\/li>\n<p>\n    <\/ul><\/p>\n","protected":false},"featured_media":23504,"template":"","meta":{"_acf_changed":false},"product_brand":[],"product_cat":[52],"product_tag":[],"class_list":{"0":"post-22501","1":"product","2":"type-product","3":"status-publish","4":"has-post-thumbnail","6":"product_cat-boites","7":"pa_buegelart-plastique","8":"pa_durchmesser-118-fr","9":"pa_erstoeffnungsgarantie-oui","10":"pa_farbe-transparent","11":"pa_form-rond","12":"pa_gefahrgutzulassung-un-non","13":"pa_gewicht-0-039-fr","14":"pa_hoehe-124-fr","15":"pa_iso-volumen-0-86-fr","16":"pa_lebensmittelzulassung-oui","17":"pa_material-polypropylene","18":"pa_randvoll-volumen-0-94-fr","20":"first","21":"instock","22":"sale","23":"taxable","24":"shipping-taxable","25":"purchasable","26":"product-type-simple"},"acf":[],"tiered_pricing_type":"fixed","tiered_pricing_fixed_rules":{"100":0.79,"500":0.74,"1000":0.64,"3150":0.37},"tiered_pricing_product_settings":{"layout":"default","base_unit_name":{"singular":null,"plural":null},"default_variation":null},"tiered_pricing_minimum_quantity":null,"tiered_pricing_roles_data":[],"tiered_pricing_percentage_rules":[],"_links":{"self":[{"href":"https:\/\/packstar.dev.nfx.li\/fr\/wp-json\/wp\/v2\/product\/22501","targetHints":{"allow":["GET"]}}],"collection":[{"href":"https:\/\/packstar.dev.nfx.li\/fr\/wp-json\/wp\/v2\/product"}],"about":[{"href":"https:\/\/packstar.dev.nfx.li\/fr\/wp-json\/wp\/v2\/types\/product"}],"wp:featuredmedia":[{"embeddable":true,"href":"https:\/\/packstar.dev.nfx.li\/fr\/wp-json\/wp\/v2\/media\/23504"}],"wp:attachment":[{"href":"https:\/\/packstar.dev.nfx.li\/fr\/wp-json\/wp\/v2\/media?parent=22501"}],"wp:term":[{"taxonomy":"product_brand","embeddable":true,"href":"https:\/\/packstar.dev.nfx.li\/fr\/wp-json\/wp\/v2\/product_brand?post=22501"},{"taxonomy":"product_cat","embeddable":true,"href":"https:\/\/packstar.dev.nfx.li\/fr\/wp-json\/wp\/v2\/product_cat?post=22501"},{"taxonomy":"product_tag","embeddable":true,"href":"https:\/\/packstar.dev.nfx.li\/fr\/wp-json\/wp\/v2\/product_tag?post=22501"}],"curies":[{"name":"wp","href":"https:\/\/api.w.org\/{rel}","templated":true}]}}