{"id":22430,"date":"2025-03-17T16:15:52","date_gmt":"2025-03-17T16:15:55","guid":{"rendered":"https:\/\/packstar.dev.nfx.li\/produkt\/boite-avec-bouchon-a-vis-gsd-500-500ml\/"},"modified":"2025-12-17T11:18:37","modified_gmt":"2025-12-17T11:18:37","slug":"boite-avec-bouchon-a-vis-gsd-500-500ml","status":"publish","type":"product","link":"https:\/\/packstar.dev.nfx.li\/fr\/produkt\/boite-avec-bouchon-a-vis-gsd-500-500ml\/","title":{"rendered":"Bo\u00eete avec bouchon \u00e0 vis GSD 500 (500ml)"},"content":{"rendered":"<p>Bo\u00eete avec bouchon \u00e0 vis Mat\u00e9riel: PP Volume: 500 ml Dimensions (H x D): 105.1 x 87 mm Couleur: blanc Appropri\u00e9 pour produits alimentaires, couleurs, etc. <br \/>\nSp\u00e9cialit\u00e9s: L&#8217;assurance qualit\u00e9 avec arrachement<\/p>\n","protected":false},"excerpt":{"rendered":"<ul><\/p>\n<li>Bo\u00eete avec bouchon \u00e0 vis&nbsp;<\/li>\n<p><\/p>\n<li>Mat\u00e9riel: PP <\/li>\n<p><\/p>\n<li>Volume: 500 ml <\/li>\n<p><\/p>\n<li>Dimensions (H x D): 105.1 x 87 mm <\/li>\n<p><\/p>\n<li>Couleur: blanc <\/li>\n<p><\/p>\n<li>Appropri\u00e9 pour produits alimentaires, couleurs, etc. <\/li>\n<p><\/p>\n<li>Sp\u00e9cialit\u00e9s: L&#8217;assurance qualit\u00e9 avec arrachement<\/li>\n<p>\n    <\/ul>\n<\/p>\n<p><\/p>\n","protected":false},"featured_media":23092,"template":"","meta":{"_acf_changed":false},"product_brand":[],"product_cat":[52],"product_tag":[],"class_list":{"0":"post-22430","1":"product","2":"type-product","3":"status-publish","4":"has-post-thumbnail","6":"product_cat-boites","7":"pa_durchmesser-87-fr","8":"pa_erstoeffnungsgarantie-oui","9":"pa_farbe-blanc","10":"pa_form-rond","11":"pa_gefahrgutzulassung-un-non","12":"pa_hoehe-105-1-fr","13":"pa_iso-volumen-0-5-fr","14":"pa_lebensmittelzulassung-oui","15":"pa_material-polypropylene","16":"pa_verschlusseigenschaft-bouchon-a-vis","18":"first","19":"instock","20":"taxable","21":"shipping-taxable","22":"purchasable","23":"product-type-simple"},"acf":[],"tiered_pricing_type":"fixed","tiered_pricing_fixed_rules":{"200":1.08,"500":1.03,"1000":0.9,"3840":0.66},"tiered_pricing_product_settings":{"layout":"default","base_unit_name":{"singular":null,"plural":null},"default_variation":null},"tiered_pricing_minimum_quantity":null,"tiered_pricing_roles_data":[],"tiered_pricing_percentage_rules":[],"_links":{"self":[{"href":"https:\/\/packstar.dev.nfx.li\/fr\/wp-json\/wp\/v2\/product\/22430","targetHints":{"allow":["GET"]}}],"collection":[{"href":"https:\/\/packstar.dev.nfx.li\/fr\/wp-json\/wp\/v2\/product"}],"about":[{"href":"https:\/\/packstar.dev.nfx.li\/fr\/wp-json\/wp\/v2\/types\/product"}],"wp:featuredmedia":[{"embeddable":true,"href":"https:\/\/packstar.dev.nfx.li\/fr\/wp-json\/wp\/v2\/media\/23092"}],"wp:attachment":[{"href":"https:\/\/packstar.dev.nfx.li\/fr\/wp-json\/wp\/v2\/media?parent=22430"}],"wp:term":[{"taxonomy":"product_brand","embeddable":true,"href":"https:\/\/packstar.dev.nfx.li\/fr\/wp-json\/wp\/v2\/product_brand?post=22430"},{"taxonomy":"product_cat","embeddable":true,"href":"https:\/\/packstar.dev.nfx.li\/fr\/wp-json\/wp\/v2\/product_cat?post=22430"},{"taxonomy":"product_tag","embeddable":true,"href":"https:\/\/packstar.dev.nfx.li\/fr\/wp-json\/wp\/v2\/product_tag?post=22430"}],"curies":[{"name":"wp","href":"https:\/\/api.w.org\/{rel}","templated":true}]}}