{"id":22424,"date":"2025-03-17T16:15:35","date_gmt":"2025-03-17T16:15:38","guid":{"rendered":"https:\/\/packstar.dev.nfx.li\/produkt\/boite-avec-bouchon-a-vis-gsd-300-300ml\/"},"modified":"2025-12-11T07:10:46","modified_gmt":"2025-12-11T07:10:46","slug":"boite-avec-bouchon-a-vis-gsd-300-300ml","status":"publish","type":"product","link":"https:\/\/packstar.dev.nfx.li\/fr\/produkt\/boite-avec-bouchon-a-vis-gsd-300-300ml\/","title":{"rendered":"Bo\u00eete avec bouchon \u00e0 vis GSD 300 (300ml)"},"content":{"rendered":"<p>Bo\u00eete avec bouchon \u00e0 vis <br \/>\nMat\u00e9riel: PP<br \/>\nVolume: 300 ml<br \/>\nDimensions (H x D): 68 x 87.7 mm<br \/>\nCouleur: blanc<br \/>\nAppropri\u00e9 pour produits alimentaires, couleurs, etc<br \/>\n.<\/p>\n","protected":false},"excerpt":{"rendered":"<ul><\/p>\n<li>Bo\u00eete avec bouchon \u00e0 vis <\/li>\n<p><\/p>\n<li>Mat\u00e9riel: PP<\/li>\n<p><\/p>\n<li>Volume: 300 ml<\/li>\n<p><\/p>\n<li>Dimensions (H x D): 68 x 87.7 mm<\/li>\n<p><\/p>\n<li>Couleur: blanc<\/li>\n<p><\/p>\n<li>Appropri\u00e9 pour produits alimentaires, couleurs, etc<\/li>\n<p><\/p>\n<li>Sp\u00e9cialit\u00e9s: L&#8217;assurance qualit\u00e9 avec arrachement<\/li>\n<p>\n    <\/ul>\n<p><\/p>\n<p>&nbsp;<\/p>\n<p><\/p>\n","protected":false},"featured_media":23218,"template":"","meta":{"_acf_changed":false},"product_brand":[],"product_cat":[52],"product_tag":[],"class_list":{"0":"post-22424","1":"product","2":"type-product","3":"status-publish","4":"has-post-thumbnail","6":"product_cat-boites","7":"pa_durchmesser-87-7-fr","8":"pa_erstoeffnungsgarantie-oui","9":"pa_farbe-blanc","10":"pa_form-rond","11":"pa_gefahrgutzulassung-un-non","12":"pa_hoehe-68-fr","13":"pa_iso-volumen-0-3-fr","14":"pa_lebensmittelzulassung-oui","15":"pa_material-polypropylene","16":"pa_verschlusseigenschaft-bouchon-a-vis","18":"first","19":"instock","20":"sale","21":"taxable","22":"shipping-taxable","23":"purchasable","24":"product-type-simple"},"acf":[],"tiered_pricing_type":"fixed","tiered_pricing_fixed_rules":{"200":0.84,"500":0.72,"1000":0.6,"8400":0.43},"tiered_pricing_product_settings":{"layout":"default","base_unit_name":{"singular":null,"plural":null},"default_variation":null},"tiered_pricing_minimum_quantity":null,"tiered_pricing_roles_data":[],"tiered_pricing_percentage_rules":[],"_links":{"self":[{"href":"https:\/\/packstar.dev.nfx.li\/fr\/wp-json\/wp\/v2\/product\/22424","targetHints":{"allow":["GET"]}}],"collection":[{"href":"https:\/\/packstar.dev.nfx.li\/fr\/wp-json\/wp\/v2\/product"}],"about":[{"href":"https:\/\/packstar.dev.nfx.li\/fr\/wp-json\/wp\/v2\/types\/product"}],"wp:featuredmedia":[{"embeddable":true,"href":"https:\/\/packstar.dev.nfx.li\/fr\/wp-json\/wp\/v2\/media\/23218"}],"wp:attachment":[{"href":"https:\/\/packstar.dev.nfx.li\/fr\/wp-json\/wp\/v2\/media?parent=22424"}],"wp:term":[{"taxonomy":"product_brand","embeddable":true,"href":"https:\/\/packstar.dev.nfx.li\/fr\/wp-json\/wp\/v2\/product_brand?post=22424"},{"taxonomy":"product_cat","embeddable":true,"href":"https:\/\/packstar.dev.nfx.li\/fr\/wp-json\/wp\/v2\/product_cat?post=22424"},{"taxonomy":"product_tag","embeddable":true,"href":"https:\/\/packstar.dev.nfx.li\/fr\/wp-json\/wp\/v2\/product_tag?post=22424"}],"curies":[{"name":"wp","href":"https:\/\/api.w.org\/{rel}","templated":true}]}}